{"id":875,"date":"2015-10-23T14:56:11","date_gmt":"2015-10-23T14:56:11","guid":{"rendered":"http:\/\/www.stonesandmore.at\/?page_id=875"},"modified":"2018-01-06T16:47:54","modified_gmt":"2018-01-06T16:47:54","slug":"portfolio","status":"publish","type":"page","link":"https:\/\/www.stonesandmore.at\/?page_id=875","title":{"rendered":"Dienstleistungen"},"content":{"rendered":"<p style=\"text-align: center;\"><strong>Beratung<\/strong><\/p>\n<p><a href=\"https:\/\/www.stonesandmore.at\/wp-content\/uploads\/2015\/01\/peter_kunde_begruessen.png\"><img loading=\"lazy\" decoding=\"async\" src=\"https:\/\/www.stonesandmore.at\/wp-content\/uploads\/2015\/01\/peter_kunde_begruessen.png\" alt=\"\" class=\"aligncenter size-full wp-image-438\" width=\"300\" height=\"400\" srcset=\"https:\/\/www.stonesandmore.at\/wp-content\/uploads\/2015\/01\/peter_kunde_begruessen.png 300w, https:\/\/www.stonesandmore.at\/wp-content\/uploads\/2015\/01\/peter_kunde_begruessen-225x300.png 225w\" sizes=\"auto, (max-width: 300px) 100vw, 300px\" \/><\/a><\/p>\n<p style=\"text-align: center;\">Unser Fachpersonal geht individuell auf Ihre W\u00fcnsche ein und steht Ihnen w\u00e4hrend der gesamten Bauabwicklung mit kompetenter Beratung sowie Planung, Koordination und hilfreichen Tipps zur Seite.<\/p>\n<hr>\n<p style=\"text-align: center;\"><strong>Schaupark &amp; Schauraum<\/strong><\/p>\n<p><a href=\"https:\/\/www.stonesandmore.at\/wp-content\/uploads\/2015\/01\/IM001407.png\"><img loading=\"lazy\" decoding=\"async\" src=\"https:\/\/www.stonesandmore.at\/wp-content\/uploads\/2015\/01\/IM001407.png\" alt=\"\" class=\"aligncenter size-full wp-image-435\" width=\"300\" height=\"400\" srcset=\"https:\/\/www.stonesandmore.at\/wp-content\/uploads\/2015\/01\/IM001407.png 300w, https:\/\/www.stonesandmore.at\/wp-content\/uploads\/2015\/01\/IM001407-225x300.png 225w\" sizes=\"auto, (max-width: 300px) 100vw, 300px\" \/><\/a><\/p>\n<p style=\"text-align: center;\">Besuchen Sie unseren Schauraum und Schaupark in der Welser Stra\u00dfe 48 in 4614 Marchtrenk, DIREKT an der B1. Sie haben hier die Auswahl an vielen qualitativ hochwertigen Materialien.<\/p>\n<hr>\n<p style=\"text-align: center;\"><strong>Gestaltung<\/strong><\/p>\n<p><a href=\"https:\/\/www.stonesandmore.at\/wp-content\/uploads\/2015\/01\/Quarzit_Mamba_Altwiener_Bahnen_Pflaster_Stufe.png\"><img loading=\"lazy\" decoding=\"async\" src=\"https:\/\/www.stonesandmore.at\/wp-content\/uploads\/2015\/01\/Quarzit_Mamba_Altwiener_Bahnen_Pflaster_Stufe.png\" alt=\"\" class=\"aligncenter size-full wp-image-432\" width=\"300\" height=\"400\" srcset=\"https:\/\/www.stonesandmore.at\/wp-content\/uploads\/2015\/01\/Quarzit_Mamba_Altwiener_Bahnen_Pflaster_Stufe.png 300w, https:\/\/www.stonesandmore.at\/wp-content\/uploads\/2015\/01\/Quarzit_Mamba_Altwiener_Bahnen_Pflaster_Stufe-225x300.png 225w\" sizes=\"auto, (max-width: 300px) 100vw, 300px\" \/><\/a><\/p>\n<p style=\"text-align: center;\">Wir erstellen f\u00fcr Sie den Innenausbau mit Natursteinen oder Fliesen f\u00fcr Bad, K\u00fcche, Stiegen, Wohnr\u00e4ume, Sauna uvm. und auch Au\u00dfengestaltungen mit geeigneten Naturmaterialien f\u00fcr Schwimmbadumrandungen, Balkone, Terrassen, Garten, Wege und Zufahrten.&nbsp;Wir bieten Ihnen Neuverlegungen und Sanierungen in h\u00f6chstm\u00f6glicher Qualit\u00e4t, sowie eine laufende Kontrolle der Arbeitsausf\u00fchrung.<\/p>\n<hr>\n<p style=\"text-align: center;\"><strong>Fertigung<\/strong><\/p>\n<p><a href=\"https:\/\/www.stonesandmore.at\/wp-content\/uploads\/2015\/01\/21d933fadc.jpg\"><img loading=\"lazy\" decoding=\"async\" src=\"https:\/\/www.stonesandmore.at\/wp-content\/uploads\/2015\/01\/21d933fadc.jpg\" alt=\"\" class=\"aligncenter size-full wp-image-427\" width=\"300\" height=\"400\" srcset=\"https:\/\/www.stonesandmore.at\/wp-content\/uploads\/2015\/01\/21d933fadc.jpg 300w, https:\/\/www.stonesandmore.at\/wp-content\/uploads\/2015\/01\/21d933fadc-225x300.jpg 225w\" sizes=\"auto, (max-width: 300px) 100vw, 300px\" \/><\/a><\/p>\n<p style=\"text-align: center;\">Wir lassen Ihre individuelle Ma\u00dfanfertigungen wie K\u00fcchen- und Waschtischplatten, Stufenanlagen, Schwimmbadumrandungen, Fensterb\u00e4nke und Abdeckungen usw. f\u00fcr Sie anfertigen.<\/p>\n<hr>\n<p style=\"text-align: center;\"><strong>Transport<\/strong><\/p>\n<p><a href=\"https:\/\/www.stonesandmore.at\/wp-content\/uploads\/2015\/01\/allrad-lkw-2-1024x683.jpg\"><img loading=\"lazy\" decoding=\"async\" src=\"https:\/\/www.stonesandmore.at\/wp-content\/uploads\/2015\/01\/allrad-lkw-2-1024x683.jpg\" alt=\"\" class=\"aligncenter size-full wp-image-424\" width=\"300\" height=\"400\" srcset=\"https:\/\/www.stonesandmore.at\/wp-content\/uploads\/2015\/01\/allrad-lkw-2-1024x683.jpg 300w, https:\/\/www.stonesandmore.at\/wp-content\/uploads\/2015\/01\/allrad-lkw-2-1024x683-225x300.jpg 225w\" sizes=\"auto, (max-width: 300px) 100vw, 300px\" \/><\/a><\/p>\n<p style=\"text-align: center;\">Wir garantieren eine termingerechte und einwandfreie Lieferung Ihrer Ware. Wir liefern europaweit schnell, verl\u00e4sslich und sicher verpackt.<\/p>\n<hr>\n<p style=\"text-align: center;\"><strong>Verlegung<\/strong><\/p>\n<p><a href=\"https:\/\/www.stonesandmore.at\/wp-content\/uploads\/2015\/01\/WV8F3200.png\"><img loading=\"lazy\" decoding=\"async\" src=\"https:\/\/www.stonesandmore.at\/wp-content\/uploads\/2015\/01\/WV8F3200.png\" alt=\"\" class=\"aligncenter size-full wp-image-430\" width=\"300\" height=\"400\" srcset=\"https:\/\/www.stonesandmore.at\/wp-content\/uploads\/2015\/01\/WV8F3200.png 300w, https:\/\/www.stonesandmore.at\/wp-content\/uploads\/2015\/01\/WV8F3200-225x300.png 225w\" sizes=\"auto, (max-width: 300px) 100vw, 300px\" \/><\/a><\/p>\n<p style=\"text-align: center;\">Nur der Fachmann kann Natursteinmaterialien \u201erichtig\u201c verlegen und f\u00fcr die Qualit\u00e4t seiner Arbeit garantieren. Unser Fachpersonal gew\u00e4hrleistet eine professionelle Verarbeitung Ihrer Natursteinprodukte.<\/p>\n<p>&nbsp;<\/p>\n<p>&nbsp;<\/p>\n","protected":false},"excerpt":{"rendered":"<p>Beratung Unser Fachpersonal geht individuell auf Ihre W\u00fcnsche ein und steht Ihnen w\u00e4hrend der gesamten Bauabwicklung mit kompetenter Beratung sowie Planung, Koordination und hilfreichen Tipps zur Seite. Schaupark &amp; Schauraum Besuchen Sie unseren Schauraum und Schaupark in der Welser Stra\u00dfe 48 in 4614 Marchtrenk, DIREKT an der B1. Sie haben [&hellip;]<\/p>\n","protected":false},"author":1,"featured_media":0,"parent":0,"menu_order":6,"comment_status":"closed","ping_status":"closed","template":"","meta":{"footnotes":""},"class_list":["post-875","page","type-page","status-publish","hentry"],"_links":{"self":[{"href":"https:\/\/www.stonesandmore.at\/index.php?rest_route=\/wp\/v2\/pages\/875","targetHints":{"allow":["GET"]}}],"collection":[{"href":"https:\/\/www.stonesandmore.at\/index.php?rest_route=\/wp\/v2\/pages"}],"about":[{"href":"https:\/\/www.stonesandmore.at\/index.php?rest_route=\/wp\/v2\/types\/page"}],"author":[{"embeddable":true,"href":"https:\/\/www.stonesandmore.at\/index.php?rest_route=\/wp\/v2\/users\/1"}],"replies":[{"embeddable":true,"href":"https:\/\/www.stonesandmore.at\/index.php?rest_route=%2Fwp%2Fv2%2Fcomments&post=875"}],"version-history":[{"count":0,"href":"https:\/\/www.stonesandmore.at\/index.php?rest_route=\/wp\/v2\/pages\/875\/revisions"}],"wp:attachment":[{"href":"https:\/\/www.stonesandmore.at\/index.php?rest_route=%2Fwp%2Fv2%2Fmedia&parent=875"}],"curies":[{"name":"wp","href":"https:\/\/api.w.org\/{rel}","templated":true}]}}