{"id":49,"date":"2015-01-05T12:50:55","date_gmt":"2015-01-05T12:50:55","guid":{"rendered":"http:\/\/www.stonesandmore.at\/?page_id=49"},"modified":"2018-09-23T20:13:32","modified_gmt":"2018-09-23T20:13:32","slug":"jobs","status":"publish","type":"page","link":"https:\/\/www.stonesandmore.at\/?page_id=49","title":{"rendered":"Wir suchen &#8230;"},"content":{"rendered":"<p>&nbsp;<\/p>\n<hr>\n<p>&nbsp;<\/p>\n<h3 style=\"text-align: center;\">&nbsp;Zur Zeit suchen wir leider niemanden bestimmtes&#8230;<\/h3>\n<p style=\"text-align: center;\">&#8230; aber wir w\u00fcrden uns sehr \u00fcber deine Initiativ-Bewerbung freuen! Sende sie doch bitte an:<\/p>\n<h2 style=\"text-align: center;\"><\/h2>\n<p style=\"text-align: center;\">Stones and More GesmbH<\/p>\n<p style=\"text-align: center;\">Welser Stra\u00dfe 48<br \/>\nA-4614 Marchtrenk<br \/>\nmail: <a href=\"mailto:office@stonesandmore.at\">office@stonesandmore.at<\/a><\/p>\n<hr>\n<p>&nbsp;<\/p>\n","protected":false},"excerpt":{"rendered":"<p>&nbsp; &nbsp; &nbsp;Zur Zeit suchen wir leider niemanden bestimmtes&#8230; &#8230; aber wir w\u00fcrden uns sehr \u00fcber deine Initiativ-Bewerbung freuen! Sende sie doch bitte an: Stones and More GesmbH Welser Stra\u00dfe 48 A-4614 Marchtrenk mail: office@stonesandmore.at &nbsp;<\/p>\n","protected":false},"author":1,"featured_media":0,"parent":0,"menu_order":6,"comment_status":"closed","ping_status":"closed","template":"","meta":{"footnotes":""},"class_list":["post-49","page","type-page","status-publish","hentry"],"_links":{"self":[{"href":"https:\/\/www.stonesandmore.at\/index.php?rest_route=\/wp\/v2\/pages\/49","targetHints":{"allow":["GET"]}}],"collection":[{"href":"https:\/\/www.stonesandmore.at\/index.php?rest_route=\/wp\/v2\/pages"}],"about":[{"href":"https:\/\/www.stonesandmore.at\/index.php?rest_route=\/wp\/v2\/types\/page"}],"author":[{"embeddable":true,"href":"https:\/\/www.stonesandmore.at\/index.php?rest_route=\/wp\/v2\/users\/1"}],"replies":[{"embeddable":true,"href":"https:\/\/www.stonesandmore.at\/index.php?rest_route=%2Fwp%2Fv2%2Fcomments&post=49"}],"version-history":[{"count":0,"href":"https:\/\/www.stonesandmore.at\/index.php?rest_route=\/wp\/v2\/pages\/49\/revisions"}],"wp:attachment":[{"href":"https:\/\/www.stonesandmore.at\/index.php?rest_route=%2Fwp%2Fv2%2Fmedia&parent=49"}],"curies":[{"name":"wp","href":"https:\/\/api.w.org\/{rel}","templated":true}]}}