{"id":29,"date":"2015-01-05T12:46:47","date_gmt":"2015-01-05T12:46:47","guid":{"rendered":"http:\/\/www.stonesandmore.at\/?page_id=29"},"modified":"2018-01-06T16:32:07","modified_gmt":"2018-01-06T16:32:07","slug":"unternehmen","status":"publish","type":"page","link":"https:\/\/www.stonesandmore.at\/?page_id=29","title":{"rendered":"Unternehmen"},"content":{"rendered":"<p><img decoding=\"async\" src=\"https:\/\/www.stonesandmore.at\/wp-content\/uploads\/2015\/01\/firmengebaude_stones_and_more.jpg\" alt=\"\" height=\"100\"><\/p>\n<p>Gegr\u00fcndet 2001 von Peter Stockinger, welcher selbst schon viele Jahre in der Steinbranche t\u00e4tig war, wollte man Qualit\u00e4t und Quantit\u00e4t vereinen und Kunden somit ein neues Gef\u00fchl f\u00fcr Natursteine vermitteln.<\/p>\n<p>Seitdem steht das gelb-blaue Geb\u00e4ude, ein restaurierter Bauernhof, direkt an der B1, und h\u00e4lt jede nur erdenkliche Variation von Natursteinen und auch keramische Fliesen f\u00fcr Sie parat. In einem eigens angelegten Schaupark kann man sich so die ein oder andere Idee f\u00fcr zu Hause mitnehmen und sie von unseren professionellen Mitarbeitern nach&nbsp;ihren W\u00fcnschen verlegen lassen.<\/p>\n<p>In unserem gut gef\u00fcllten, 3000qm gro\u00dfen Lagerplatz finden Sie hochwertige Ware, die auf Sie zugeschnitten wird. Und selbst bei Schlechtwetter k\u00f6nnen Sie sich in unserem 200qm gro\u00dfen Schauraum von unseren Mitarbeitern beraten lassen.<\/p>\n<p>&nbsp;<\/p>\n","protected":false},"excerpt":{"rendered":"<p>Gegr\u00fcndet 2001 von Peter Stockinger, welcher selbst schon viele Jahre in der Steinbranche t\u00e4tig war, wollte man Qualit\u00e4t und Quantit\u00e4t vereinen und Kunden somit ein neues Gef\u00fchl f\u00fcr Natursteine vermitteln. Seitdem steht das gelb-blaue Geb\u00e4ude, ein restaurierter Bauernhof, direkt an der B1, und h\u00e4lt jede nur erdenkliche Variation von Natursteinen [&hellip;]<\/p>\n","protected":false},"author":1,"featured_media":0,"parent":0,"menu_order":2,"comment_status":"closed","ping_status":"closed","template":"","meta":{"footnotes":""},"class_list":["post-29","page","type-page","status-publish","hentry"],"_links":{"self":[{"href":"https:\/\/www.stonesandmore.at\/index.php?rest_route=\/wp\/v2\/pages\/29","targetHints":{"allow":["GET"]}}],"collection":[{"href":"https:\/\/www.stonesandmore.at\/index.php?rest_route=\/wp\/v2\/pages"}],"about":[{"href":"https:\/\/www.stonesandmore.at\/index.php?rest_route=\/wp\/v2\/types\/page"}],"author":[{"embeddable":true,"href":"https:\/\/www.stonesandmore.at\/index.php?rest_route=\/wp\/v2\/users\/1"}],"replies":[{"embeddable":true,"href":"https:\/\/www.stonesandmore.at\/index.php?rest_route=%2Fwp%2Fv2%2Fcomments&post=29"}],"version-history":[{"count":0,"href":"https:\/\/www.stonesandmore.at\/index.php?rest_route=\/wp\/v2\/pages\/29\/revisions"}],"wp:attachment":[{"href":"https:\/\/www.stonesandmore.at\/index.php?rest_route=%2Fwp%2Fv2%2Fmedia&parent=29"}],"curies":[{"name":"wp","href":"https:\/\/api.w.org\/{rel}","templated":true}]}}