{"id":26,"date":"2015-01-05T12:45:58","date_gmt":"2015-01-05T12:45:58","guid":{"rendered":"http:\/\/www.stonesandmore.at\/?page_id=26"},"modified":"2023-01-29T12:56:07","modified_gmt":"2023-01-29T12:56:07","slug":"home","status":"publish","type":"page","link":"https:\/\/www.stonesandmore.at\/","title":{"rendered":"Home"},"content":{"rendered":"<p>Als Naturstein\/ Fliesenh\u00e4ndler und Steinmetz bieten wir Ihnen mit Erfahrung und Kompetenz von der Beratung und Planung \u00fcber den Verkauf und die Verlegung ein gro\u00dfes Sortiment an Natursteinen aller Art sowie Keramische Fliesen f\u00fcr den Innen- und Au\u00dfenbereich.<\/p>\n<p>Wir erstellen f\u00fcr Sie den <b>Innenausbau <\/b>mit Natursteinen oder Fliesen f\u00fcr Bad, K\u00fcche, Stiegen, Wohnr\u00e4ume, Sauna uvm. und auch <b>Au\u00dfengestaltungen<\/b> mit geeigneten Naturmaterialien f\u00fcr Schwimmbadumrandungen, Balkone, Terrassen, Garten, Wege und Zufahrten.<br \/>\nWir bieten Ihnen Neuverlegungen und Sanierungen in h\u00f6chstm\u00f6glicher Qualit\u00e4t, sowie eine laufende Kontrolle der Arbeitsausf\u00fchrung.<\/p>\n<p><b>Unsere umfangreiche Produktpalette umfasst:<\/b><\/p>\n<ul>\n<li>Bodenplatten und Pflastersteine<\/li>\n<li>2cm Fliesen f\u00fcr den Au\u00dfenbereich<\/li>\n<li>XXL Fliesen f\u00fcr den Innenbereich 260cm x120cm<\/li>\n<li>Mauersteine und Leistensteine<\/li>\n<li>Stufen\u00a0 sowie Mauerabdeckungen und Fensterb\u00e4nke<\/li>\n<li>Schwimmbadumrandungen<\/li>\n<li>Marmor- und Granitkies<\/li>\n<li>Tr\u00f6ge und Brunnen<\/li>\n<li>B\u00e4nke und Tischsets<\/li>\n<li>Quellsteine und Kugeln<\/li>\n<\/ul>\n","protected":false},"excerpt":{"rendered":"<p>Als Naturstein\/ Fliesenh\u00e4ndler und Steinmetz bieten wir Ihnen mit Erfahrung und Kompetenz von der Beratung und Planung \u00fcber den Verkauf und die Verlegung ein gro\u00dfes Sortiment an Natursteinen aller Art sowie Keramische Fliesen f\u00fcr den Innen- und Au\u00dfenbereich. Wir erstellen f\u00fcr Sie den Innenausbau mit Natursteinen oder Fliesen f\u00fcr Bad, [&hellip;]<\/p>\n","protected":false},"author":1,"featured_media":0,"parent":0,"menu_order":0,"comment_status":"closed","ping_status":"closed","template":"","meta":{"footnotes":""},"class_list":["post-26","page","type-page","status-publish","hentry"],"_links":{"self":[{"href":"https:\/\/www.stonesandmore.at\/index.php?rest_route=\/wp\/v2\/pages\/26","targetHints":{"allow":["GET"]}}],"collection":[{"href":"https:\/\/www.stonesandmore.at\/index.php?rest_route=\/wp\/v2\/pages"}],"about":[{"href":"https:\/\/www.stonesandmore.at\/index.php?rest_route=\/wp\/v2\/types\/page"}],"author":[{"embeddable":true,"href":"https:\/\/www.stonesandmore.at\/index.php?rest_route=\/wp\/v2\/users\/1"}],"replies":[{"embeddable":true,"href":"https:\/\/www.stonesandmore.at\/index.php?rest_route=%2Fwp%2Fv2%2Fcomments&post=26"}],"version-history":[{"count":11,"href":"https:\/\/www.stonesandmore.at\/index.php?rest_route=\/wp\/v2\/pages\/26\/revisions"}],"predecessor-version":[{"id":1956,"href":"https:\/\/www.stonesandmore.at\/index.php?rest_route=\/wp\/v2\/pages\/26\/revisions\/1956"}],"wp:attachment":[{"href":"https:\/\/www.stonesandmore.at\/index.php?rest_route=%2Fwp%2Fv2%2Fmedia&parent=26"}],"curies":[{"name":"wp","href":"https:\/\/api.w.org\/{rel}","templated":true}]}}