{"id":1517,"date":"2018-06-16T18:35:13","date_gmt":"2018-06-16T18:35:13","guid":{"rendered":"http:\/\/www.stonesandmore.at\/?page_id=1517"},"modified":"2018-06-17T14:45:45","modified_gmt":"2018-06-17T14:45:45","slug":"datenschutz","status":"publish","type":"page","link":"https:\/\/www.stonesandmore.at\/?page_id=1517","title":{"rendered":"Datenschutz"},"content":{"rendered":"<p><strong>Datenschutz<\/strong><\/p>\n<p><strong>Allgemeines<\/strong><\/p>\n<p>Die Website stonesandmore.at samt deren Subdomains (im Folgenden \u201edie Website\u201c) werden von der Firma Stones and More GesmbH (Welser Stra\u00dfe 48, 4614 Marchtrenk, \u00d6sterreich, office@stonesandmore.at) als Diensteanbieter, Medieninhaber und Herausgeber (im Folgenden \u201eStones &amp; more\u201c) betrieben.<\/p>\n<p>Der Schutz und die Sicherheit Ihrer pers\u00f6nlichen Daten sind uns ein wichtiges Anliegen. Stones &amp; more speichert und verarbeitet Daten daher ausschlie\u00dflich im Sinne der Verordnung (EU) 2016\/679 des Europ\u00e4ischen Parlaments und des Rates vom 27. April 2016 zum Schutz nat\u00fcrlicher Personen bei der Verarbeitung personenbezogener Daten, zum freien Datenverkehr und zur Aufhebung der Richtlinie 95\/46\/EG (\u201eDatenschutz-Grundverordnung\u201c, DSGVO). Sie als Nutzer stimmen der Datenverarbeitung im Sinne dieser Erkl\u00e4rung zu.<\/p>\n<p>Auf der Website werden automatisiert keine direkt personenbezogenen Daten ermittelt. Das hei\u00dft: Nur durch Ihre aktive Eingabe von (beispielsweise) Namen, Adresse etc. geben Sie Stones &amp; more diese Daten bekannt.<\/p>\n<p>Die Website erstellt keine personenbezogenen Nutzerprofile.<\/p>\n<p><strong>Gespeicherte Daten:<\/strong><\/p>\n<p>Stones &amp; more speichert und verarbeitet folgende personenbezogene Daten:<\/p>\n<p><strong>Daten, die der Nutzer selbst auf der Website eingibt:<\/strong><\/p>\n<ul>\n<li>Nutzerdaten: Sobald der Nutzer eine Bestellung t\u00e4tigt, wird ein Nutzerkonto mit den vom Nutzer eingegebenen Daten erstellen. Alle Daten, die der Benutzer selbst auf der Website im Rahmen einer Bestellung eingibt (E-Mailadresse, Passwort, Vorname, Nachname, akademischer Grad, Adresse, Telefonnummer, E-Mailadresse, Sprache, Leistung, Zahlungsmittel), werden gemeinsam mit der benutzten IP-Adresse von der Website gespeichert, solange der Nutzer nicht gel\u00f6scht worden ist. Die Nutzerdaten werden ausschlie\u00dflich f\u00fcr den Betrieb der Website sowie im Rahmen der Vertragserf\u00fcllung f\u00fcr die Abwicklung der Anmeldung bzw. die Bearbeitung der Bestellung verwendet, eine Weitergabe der Daten an Dritte erfolgt nur insoweit, als diese f\u00fcr die Vertragserf\u00fcllung notwendig ist.<\/li>\n<li>Mit der Bestellung stimmt der Nutzer auch zu, dass seine Daten f\u00fcr die Zusendung von Informationen von Produkten und Veranstaltungen verarbeitet werden d\u00fcrfen.<\/li>\n<\/ul>\n<p><strong>Automatisiert gespeicherte Daten:<\/strong><\/p>\n<ul>\n<li><strong>Serverlogs<\/strong>: Die IP-Adresse des Anfragenden Computers, gemeinsam mit dem Datum, der Uhrzeit, der Anfrage, welche Datei angefragt wird (Name und URL), welche Datenmenge an Sie \u00fcbertragen wird, eine Meldung, ob die Anfrage erfolgreich war, Erkennungsdaten des verwendeten Browsers und des verwendeten Betriebssystems, sowie die Website, von der der Zugriff erfolgte (sollte der Zugriff \u00fcber einen Link erfolgen). Die Serverlogs werden gespeichert, um die Systemsicherheit pr\u00fcfen zu k\u00f6nnen, die Website technisch zu administrieren, sowie das Angebot optimieren zu k\u00f6nnen. Diese Daten werden \u2013 sollte es einen Hackangriff gegeben haben \u2013 an die Strafverfolgungsbeh\u00f6rden weitergeben. Eine dar\u00fcberhinausgehende Weitergabe an Dritte erfolgt nicht. Die Serverlogs werden f\u00fcr maximal 3 Monate gespeichert.<\/li>\n<li><strong>Cookies<\/strong>: Cookies sind kleine Textdateien, die die Website auf Ihrem Computer speichert, um diesen wiederzuerkennen, diese k\u00f6nnen Informationen \u00fcber die Nutzung der Website enthalten. Die in den Cookies enthaltenen Informationen werden verwendet, um festzustellen, ob Sie eingeloggt sind, oder welche Daten Sie bereits eingegeben haben. Bei den meisten Web-Browsern werden Cookies automatisch akzeptiert. Durch \u00c4nderung der Einstellungen Ihres Browsers k\u00f6nnen Sie dies vermeiden. Sie k\u00f6nnen auf Ihrem PC gespeicherte Cookies jederzeit durch L\u00f6schen der tempor\u00e4ren Internetdateien entfernen.<\/li>\n<\/ul>\n<p><strong>Konkret werden die im Folgenden genannten Cookies \u00fcber die jeweilige Session hinaus gespeichert.<\/strong><\/p>\n<ul>\n<li>Stones &amp; more benutzt <em>Google Analytics<\/em>, einen Webanalysedienst der Google Inc. (\u201eGoogle\u201c). Google Analytics verwendet sog. \u201eCookies\u201c, Textdateien, die auf Ihrem Computer gespeichert werden und die eine Analyse der Benutzung der Website durch Sie erm\u00f6glichen. Die durch das Cookie erzeugten Informationen \u00fcber Ihre Benutzung der Website werden in der Regel an einen Server von Google in den USA \u00fcbertragen und dort gespeichert. Stones &amp; more nutzt die IP-Anonymisierung, daher wird Ihre IP-Adresse von Google innerhalb von Mitgliedstaaten der Europ\u00e4ischen Union oder in anderen Vertragsstaaten des Abkommens \u00fcber den Europ\u00e4ischen Wirtschaftsraum zuvor gek\u00fcrzt. Nur in Ausnahmef\u00e4llen wird die volle IP-Adresse an einen Server von Google in den USA \u00fcbertragen und dort gek\u00fcrzt. Im Auftrag des Betreibers der Websites wird Google diese Informationen benutzen, um Ihre Nutzung der Website auszuwerten, um Reports \u00fcber die Websiteaktivit\u00e4ten zusammenzustellen und um weitere mit der Websitenutzung und der Internetnutzung verbundene Dienstleistungen gegen\u00fcber dem Websitebetreiber zu erbringen. Die im Rahmen von Google Analytics von Ihrem Browser \u00fcbermittelte IP-Adresse wird nicht mit anderen Daten von Google zusammengef\u00fchrt. Sie k\u00f6nnen die Speicherung der Cookies durch eine entsprechende Einstellung Ihrer Browser-Software verhindern; wir weisen Sie jedoch darauf hin, dass Sie in diesem Fall gegebenenfalls nicht s\u00e4mtliche Funktionen der Websites vollumf\u00e4nglich werden nutzen k\u00f6nnen. Sie k\u00f6nnen dar\u00fcber hinaus die Erfassung der durch das Cookie erzeugten und auf Ihre Nutzung der Websites bezogenen Daten (inkl. Ihrer anonymisierten IP-Adresse) an Google sowie die Verarbeitung dieser Daten durch Google verhindern, indem Sie das unter dem folgenden Link (<span><a href=\"http:\/\/tools.google.com\/dlpage\/gaoptout?hl=de\">http:\/\/tools.google.com\/dlpage\/gaoptout?hl=de<\/a><\/span>) verf\u00fcgbare Browser-Plugin herunterladen und installieren.Google Analytics nutzt folgende Cookies: <em>__utma<\/em> (Speicherdauer 2 Jahre), <em>__utmt<\/em> (Speicherdauer 10 Minuten), <em>__utmb<\/em> (Speicherdauer 30 Minuten), <em>__utmc<\/em> (f\u00fcr die Dauer der Session), <em>__utmz<\/em> (Speicherdauer 6 Monate), <em>__utmv<\/em> (Speicherdauer 2 Jahre)<\/li>\n<\/ul>\n<ul>\n<li>Drittanbieter: Stones &amp; more nutzt verschiedene Dienste, welche ebenfalls Cookies nutzen. Die Cookie-Einstellungen von Dritten werden vom Stones &amp; more nicht kontrolliert. Stones &amp; more \u00fcbernimmt keinerlei Haftung f\u00fcr Sch\u00e4den, die Ihnen durch die Verwendung Ihrer Daten durch Facebook, Google oder anderer Drittseiten entstehen.<\/li>\n<\/ul>\n<p><strong>&nbsp;<\/strong><\/p>\n<p><strong>Cookies ablehnen \/ deaktivieren<\/strong><\/p>\n<p>Um zu verhindern, dass Cookies von Werbeanbietern gesetzt werden, k\u00f6nnen Sie auch Third-Party-Cookies in Ihrem Browser blockieren. Hier finden Sie Anleitungen dazu f\u00fcr die g\u00e4ngigsten Browser:<\/p>\n<p><strong>Firefox<\/strong>: <span><a href=\"https:\/\/support.mozilla.org\/de\/kb\/erste-schritte-mit-firefox\">https:\/\/support.mozilla.org\/de\/kb\/erste-schritte-mit-firefox<\/a><\/span><\/p>\n<p><strong>Chrome<\/strong>: <span><a href=\"https:\/\/support.google.com\/chrome\/?hl=de#topic=3227046\">https:\/\/support.google.com\/chrome\/?hl=de#topic=3227046<\/a><\/span><\/p>\n<p><strong>Internet Explorer: <\/strong><span><a href=\"https:\/\/support.microsoft.com\/de-de\/products\/internet-explorer\">https:\/\/support.microsoft.com\/de-de\/products\/internet-explorer<\/a><\/span><\/p>\n<p>In Apples <strong>Safari<\/strong> sind Third-Party-Cookies standardm\u00e4\u00dfig blockiert.<\/p>\n<p>Stones &amp; more speichert und verwendet dar\u00fcber hinaus automatisiert keine Daten.<\/p>\n<p><strong>Verlinkungen auf andere Websites<\/strong><\/p>\n<p>Die Website enth\u00e4lt Verlinkungen zu anderen Websites, auf deren Inhalt Stones &amp; more keinen Einfluss hat. Stones &amp; more \u00fcbernimmt f\u00fcr diese Inhalte keinerlei Haftung. F\u00fcr die Inhalte und Richtigkeit der dort bereitgestellten Informationen ist ausschlie\u00dflich der jeweilige Anbieter der verlinkten Website verantwortlich.<\/p>\n<p><strong>Weitere Informationen<\/strong><\/p>\n<ul>\n<li>Der Nutzer (im Folgenden kurz: die betroffene Person) hat das Recht auf Auskunft \u00fcber die gespeicherten Daten gem\u00e4\u00df Art 15 DSGVO, auf Berichtigung unzutreffender Daten gem\u00e4\u00df Art 16 DSGVO, auf L\u00f6schung von Daten gem\u00e4\u00df Art 17 DSGVO, auf Einschr\u00e4nkung der Verarbeitung von Daten gem\u00e4\u00df Art 18 DSGVO, auf Widerspruch gegen die unzumutbare Datenverarbeitung gem\u00e4\u00df Art 21 DSGVO sowie auf Daten\u00fcbertragbarkeit gem\u00e4\u00df Art 20 DSGVO.<\/li>\n<li>Sofern die Verarbeitung aufgrund einer Einwilligungserkl\u00e4rung erfolgt, hat die betroffene Person die M\u00f6glichkeit, diese jederzeit zu widerrufen, ohne dass die Rechtm\u00e4\u00dfigkeit der aufgrund der Einwilligung bis zum Widerruf erfolgten Verarbeitung ber\u00fchrt wird.<\/li>\n<li>Der Betroffene hat das Recht, sich bei der Aufsichtsbeh\u00f6rde zu beschweren \u2013 zust\u00e4ndig ist in \u00d6sterreich die Datenschutzbeh\u00f6rde. Die Anschrift lautet:<br \/>\n\u00d6sterreichische Datenschutzbeh\u00f6rde<br \/>\nWickenburggasse 8<br \/>\n1080 Wien<br \/>\nTelefon: +43 1 52 152-0<br \/>\nE-Mail: <span><a href=\"mailto:\/\/dsb@dsb.gv.at\">dsb@dsb.gv.at<\/a><\/span><\/li>\n<li>Wir geben im Rahmen der Erhebung der Daten bekannt, sollte die Bereitstellung der personenbezogenen Daten f\u00fcr die betroffene Person gesetzlich oder vertraglich vorgeschrieben oder f\u00fcr einen Vertragsabschluss erforderlich sein. Gleichzeitig geben wir bekannt, ob die betroffene Person verpflichtet ist, die personenbezogenen Daten bereitzustellen und welche m\u00f6glichen Folgen die Nichtbereitstellung h\u00e4tte.<\/li>\n<li>Eine automatisierte Entscheidungsfindung einschlie\u00dflich Profiling erfolgt nicht. Sollten personenbezogenen Daten f\u00fcr einen anderen Zweck verarbeitet werden als den, f\u00fcr den die personenbezogenen Daten erhoben wurden, haben wir diese Informationen \u00fcber diesen anderen Zweck der betroffenen Person bekanntgegeben.<\/li>\n<\/ul>\n<p>Stones &amp; more speichert und nutzt die vom Nutzer eingegeben und \u00fcbermittelten Daten ausschlie\u00dflich im hier genannten Umfang.<\/p>\n<p><span>&nbsp;<\/span><\/p>\n","protected":false},"excerpt":{"rendered":"<p>Datenschutz Allgemeines Die Website stonesandmore.at samt deren Subdomains (im Folgenden \u201edie Website\u201c) werden von der Firma Stones and More GesmbH (Welser Stra\u00dfe 48, 4614 Marchtrenk, \u00d6sterreich, office@stonesandmore.at) als Diensteanbieter, Medieninhaber und Herausgeber (im Folgenden \u201eStones &amp; more\u201c) betrieben. Der Schutz und die Sicherheit Ihrer pers\u00f6nlichen Daten sind uns ein wichtiges [&hellip;]<\/p>\n","protected":false},"author":1,"featured_media":0,"parent":0,"menu_order":0,"comment_status":"closed","ping_status":"closed","template":"","meta":{"footnotes":""},"class_list":["post-1517","page","type-page","status-publish","hentry"],"_links":{"self":[{"href":"https:\/\/www.stonesandmore.at\/index.php?rest_route=\/wp\/v2\/pages\/1517","targetHints":{"allow":["GET"]}}],"collection":[{"href":"https:\/\/www.stonesandmore.at\/index.php?rest_route=\/wp\/v2\/pages"}],"about":[{"href":"https:\/\/www.stonesandmore.at\/index.php?rest_route=\/wp\/v2\/types\/page"}],"author":[{"embeddable":true,"href":"https:\/\/www.stonesandmore.at\/index.php?rest_route=\/wp\/v2\/users\/1"}],"replies":[{"embeddable":true,"href":"https:\/\/www.stonesandmore.at\/index.php?rest_route=%2Fwp%2Fv2%2Fcomments&post=1517"}],"version-history":[{"count":0,"href":"https:\/\/www.stonesandmore.at\/index.php?rest_route=\/wp\/v2\/pages\/1517\/revisions"}],"wp:attachment":[{"href":"https:\/\/www.stonesandmore.at\/index.php?rest_route=%2Fwp%2Fv2%2Fmedia&parent=1517"}],"curies":[{"name":"wp","href":"https:\/\/api.w.org\/{rel}","templated":true}]}}