{"id":1191,"date":"2016-03-26T14:28:56","date_gmt":"2016-03-26T14:28:56","guid":{"rendered":"http:\/\/www.stonesandmore.at\/?page_id=1191"},"modified":"2020-03-27T12:58:39","modified_gmt":"2020-03-27T12:58:39","slug":"daffodil","status":"publish","type":"page","link":"https:\/\/www.stonesandmore.at\/?page_id=1191","title":{"rendered":"Quarzit Daffodil"},"content":{"rendered":"<p>Daffodil ist ein teils sehr lebhafter Stein mit dem gro\u00dfen Vorteil, dass er sich bei direkter Sonneneinstrahlung nahezu nicht erhitzt &#8211; ideal f\u00fcr Terassen, Wege und vieles mehr. Auch ist er mit nahezu jedem anderen unserer Steinarten kombinierbar. Es gibt ihn in zwei Farbt\u00f6nen: Daffodil Yellow und Daffodil white &#8211; ersterer besitzt warme Cremet\u00f6ne, zweiterer ist eher wei\u00df \/ hellgrau mit leichten Einfl\u00fcssen des Daffodil Yellow. Auch dieser Stein ist sehr pflegeleicht da er durch seine Oberfl\u00e4che weniger schmutz-anf\u00e4llig ist.<\/p>\n<p><img decoding=\"async\" class=\"ngg_displayed_gallery mceItem\" src=\"https:\/\/www.stonesandmore.at\/index.php\/nextgen-attach_to_post\/preview\/id--1192\" alt=\"\" data-mce-placeholder=\"1\" \/><\/p>\n<style type=\"text\/css\">\n#foogallery-gallery-1657 .fg-image { width: 550px; }<\/style>\n\t\t\t<div class=\"foogallery foogallery-container foogallery-image-viewer foogallery-link-image foogallery-lightbox-none fg-center fg-image-viewer fg-ready fg-light fg-border-thin fg-shadow-outline fg-loading-default fg-loaded-fade-in fg-caption-hover fg-hover-fade fg-hover-zoom\" id=\"foogallery-gallery-1657\" data-foogallery=\"{&quot;item&quot;:{&quot;showCaptionTitle&quot;:true,&quot;showCaptionDescription&quot;:true},&quot;lazy&quot;:true,&quot;template&quot;:{&quot;loop&quot;:true}}\" style=\"--fg-title-line-clamp: 0; --fg-description-line-clamp: 0;\" >\n\t<div class=\"fiv-inner\">\n\t\t<div class=\"fiv-inner-container\">\n\t\t\t<div class=\"fg-item fg-type-image fg-idle\"><figure class=\"fg-item-inner\"><a href=\"https:\/\/www.stonesandmore.at\/wp-content\/uploads\/2020\/03\/DSC_1059.jpg\" data-attachment-id=\"1658\" data-type=\"image\" class=\"fg-thumb\"><span class=\"fg-image-wrap\"><img fetchpriority=\"high\" decoding=\"async\" alt=\"Daffodil\" width=\"500\" height=\"333\" class=\"skip-lazy fg-image\" data-src-fg=\"https:\/\/www.stonesandmore.at\/wp-content\/uploads\/cache\/2020\/03\/DSC_1059\/459471897.jpg\" src=\"data:image\/svg+xml,%3Csvg%20xmlns%3D%22http%3A%2F%2Fwww.w3.org%2F2000%2Fsvg%22%20width%3D%22500%22%20height%3D%22333%22%20viewBox%3D%220%200%20500%20333%22%3E%3C%2Fsvg%3E\" loading=\"eager\"><\/span><span class=\"fg-image-overlay\"><\/span><\/a><\/figure><div class=\"fg-loader\"><\/div><\/div><div class=\"fg-item fg-type-image fg-idle\"><figure class=\"fg-item-inner\"><a href=\"https:\/\/www.stonesandmore.at\/wp-content\/uploads\/2020\/03\/DSC_1052.jpg\" data-attachment-id=\"1659\" data-type=\"image\" class=\"fg-thumb\"><span class=\"fg-image-wrap\"><img decoding=\"async\" alt=\"Daffodil\" width=\"500\" height=\"333\" class=\"skip-lazy fg-image\" data-src-fg=\"https:\/\/www.stonesandmore.at\/wp-content\/uploads\/cache\/2020\/03\/DSC_1052\/683439837.jpg\" src=\"data:image\/svg+xml,%3Csvg%20xmlns%3D%22http%3A%2F%2Fwww.w3.org%2F2000%2Fsvg%22%20width%3D%22500%22%20height%3D%22333%22%20viewBox%3D%220%200%20500%20333%22%3E%3C%2Fsvg%3E\" loading=\"eager\"><\/span><span class=\"fg-image-overlay\"><\/span><\/a><\/figure><div class=\"fg-loader\"><\/div><\/div><div class=\"fg-item fg-type-image fg-idle\"><figure class=\"fg-item-inner\"><a href=\"https:\/\/www.stonesandmore.at\/wp-content\/uploads\/2020\/03\/DSC_0974.jpg\" data-attachment-id=\"1660\" data-type=\"image\" class=\"fg-thumb\"><span class=\"fg-image-wrap\"><img decoding=\"async\" alt=\"Daffodil\" width=\"500\" height=\"333\" class=\"skip-lazy fg-image\" data-src-fg=\"https:\/\/www.stonesandmore.at\/wp-content\/uploads\/cache\/2020\/03\/DSC_0974\/1929201236.jpg\" src=\"data:image\/svg+xml,%3Csvg%20xmlns%3D%22http%3A%2F%2Fwww.w3.org%2F2000%2Fsvg%22%20width%3D%22500%22%20height%3D%22333%22%20viewBox%3D%220%200%20500%20333%22%3E%3C%2Fsvg%3E\" loading=\"eager\"><\/span><span class=\"fg-image-overlay\"><\/span><\/a><\/figure><div class=\"fg-loader\"><\/div><\/div><div class=\"fg-item fg-type-image fg-idle\"><figure class=\"fg-item-inner\"><a href=\"https:\/\/www.stonesandmore.at\/wp-content\/uploads\/2020\/03\/DSC_0968.jpg\" data-attachment-id=\"1661\" data-type=\"image\" class=\"fg-thumb\"><span class=\"fg-image-wrap\"><img decoding=\"async\" alt=\"Daffodil\" width=\"500\" height=\"333\" class=\"skip-lazy fg-image\" data-src-fg=\"https:\/\/www.stonesandmore.at\/wp-content\/uploads\/cache\/2020\/03\/DSC_0968\/1553846730.jpg\" src=\"data:image\/svg+xml,%3Csvg%20xmlns%3D%22http%3A%2F%2Fwww.w3.org%2F2000%2Fsvg%22%20width%3D%22500%22%20height%3D%22333%22%20viewBox%3D%220%200%20500%20333%22%3E%3C%2Fsvg%3E\" loading=\"eager\"><\/span><span class=\"fg-image-overlay\"><\/span><\/a><\/figure><div class=\"fg-loader\"><\/div><\/div><div class=\"fg-item fg-type-image fg-idle\"><figure class=\"fg-item-inner\"><a href=\"https:\/\/www.stonesandmore.at\/wp-content\/uploads\/2020\/03\/DSC_0960.jpg\" data-attachment-id=\"1662\" data-type=\"image\" class=\"fg-thumb\"><span class=\"fg-image-wrap\"><img decoding=\"async\" alt=\"Daffodil\" width=\"500\" height=\"333\" class=\"skip-lazy fg-image\" data-src-fg=\"https:\/\/www.stonesandmore.at\/wp-content\/uploads\/cache\/2020\/03\/DSC_0960\/1017475529.jpg\" src=\"data:image\/svg+xml,%3Csvg%20xmlns%3D%22http%3A%2F%2Fwww.w3.org%2F2000%2Fsvg%22%20width%3D%22500%22%20height%3D%22333%22%20viewBox%3D%220%200%20500%20333%22%3E%3C%2Fsvg%3E\" loading=\"eager\"><\/span><span class=\"fg-image-overlay\"><\/span><\/a><\/figure><div class=\"fg-loader\"><\/div><\/div><div class=\"fg-item fg-type-image fg-idle\"><figure class=\"fg-item-inner\"><a href=\"https:\/\/www.stonesandmore.at\/wp-content\/uploads\/2020\/03\/DSC_0948.jpg\" data-attachment-id=\"1663\" data-type=\"image\" class=\"fg-thumb\"><span class=\"fg-image-wrap\"><img decoding=\"async\" alt=\"Daffodil\" width=\"500\" height=\"333\" class=\"skip-lazy fg-image\" data-src-fg=\"https:\/\/www.stonesandmore.at\/wp-content\/uploads\/cache\/2020\/03\/DSC_0948\/2936198248.jpg\" src=\"data:image\/svg+xml,%3Csvg%20xmlns%3D%22http%3A%2F%2Fwww.w3.org%2F2000%2Fsvg%22%20width%3D%22500%22%20height%3D%22333%22%20viewBox%3D%220%200%20500%20333%22%3E%3C%2Fsvg%3E\" loading=\"eager\"><\/span><span class=\"fg-image-overlay\"><\/span><\/a><\/figure><div class=\"fg-loader\"><\/div><\/div><div class=\"fg-item fg-type-image fg-idle\"><figure class=\"fg-item-inner\"><a href=\"https:\/\/www.stonesandmore.at\/wp-content\/uploads\/2020\/03\/DSC_0939.jpg\" data-attachment-id=\"1664\" data-type=\"image\" class=\"fg-thumb\"><span class=\"fg-image-wrap\"><img decoding=\"async\" alt=\"Daffodil\" width=\"222\" height=\"333\" class=\"skip-lazy fg-image\" data-src-fg=\"https:\/\/www.stonesandmore.at\/wp-content\/uploads\/cache\/2020\/03\/DSC_0939\/3585564288.jpg\" src=\"data:image\/svg+xml,%3Csvg%20xmlns%3D%22http%3A%2F%2Fwww.w3.org%2F2000%2Fsvg%22%20width%3D%22222%22%20height%3D%22333%22%20viewBox%3D%220%200%20222%20333%22%3E%3C%2Fsvg%3E\" loading=\"eager\"><\/span><span class=\"fg-image-overlay\"><\/span><\/a><\/figure><div class=\"fg-loader\"><\/div><\/div><div class=\"fg-item fg-type-image fg-idle\"><figure class=\"fg-item-inner\"><a href=\"https:\/\/www.stonesandmore.at\/wp-content\/uploads\/2020\/03\/DSC_0936.jpg\" data-attachment-id=\"1665\" data-type=\"image\" class=\"fg-thumb\"><span class=\"fg-image-wrap\"><img decoding=\"async\" alt=\"Daffodil\" width=\"500\" height=\"333\" class=\"skip-lazy fg-image\" data-src-fg=\"https:\/\/www.stonesandmore.at\/wp-content\/uploads\/cache\/2020\/03\/DSC_0936\/1646516926.jpg\" src=\"data:image\/svg+xml,%3Csvg%20xmlns%3D%22http%3A%2F%2Fwww.w3.org%2F2000%2Fsvg%22%20width%3D%22500%22%20height%3D%22333%22%20viewBox%3D%220%200%20500%20333%22%3E%3C%2Fsvg%3E\" loading=\"eager\"><\/span><span class=\"fg-image-overlay\"><\/span><\/a><\/figure><div class=\"fg-loader\"><\/div><\/div><div class=\"fg-item fg-type-image fg-idle\"><figure class=\"fg-item-inner\"><a href=\"https:\/\/www.stonesandmore.at\/wp-content\/uploads\/2020\/03\/DSC_0358.jpg\" data-attachment-id=\"1666\" data-type=\"image\" class=\"fg-thumb\"><span class=\"fg-image-wrap\"><img decoding=\"async\" alt=\"Daffodil\" width=\"222\" height=\"333\" class=\"skip-lazy fg-image\" data-src-fg=\"https:\/\/www.stonesandmore.at\/wp-content\/uploads\/cache\/2020\/03\/DSC_0358\/2689374841.jpg\" src=\"data:image\/svg+xml,%3Csvg%20xmlns%3D%22http%3A%2F%2Fwww.w3.org%2F2000%2Fsvg%22%20width%3D%22222%22%20height%3D%22333%22%20viewBox%3D%220%200%20222%20333%22%3E%3C%2Fsvg%3E\" loading=\"eager\"><\/span><span class=\"fg-image-overlay\"><\/span><\/a><\/figure><div class=\"fg-loader\"><\/div><\/div><div class=\"fg-item fg-type-image fg-idle\"><figure class=\"fg-item-inner\"><a href=\"https:\/\/www.stonesandmore.at\/wp-content\/uploads\/2020\/03\/DSC_0353.jpg\" data-attachment-id=\"1667\" data-type=\"image\" class=\"fg-thumb\"><span class=\"fg-image-wrap\"><img decoding=\"async\" alt=\"Daffodil\" width=\"500\" height=\"333\" class=\"skip-lazy fg-image\" data-src-fg=\"https:\/\/www.stonesandmore.at\/wp-content\/uploads\/cache\/2020\/03\/DSC_0353\/2475823293.jpg\" src=\"data:image\/svg+xml,%3Csvg%20xmlns%3D%22http%3A%2F%2Fwww.w3.org%2F2000%2Fsvg%22%20width%3D%22500%22%20height%3D%22333%22%20viewBox%3D%220%200%20500%20333%22%3E%3C%2Fsvg%3E\" loading=\"eager\"><\/span><span class=\"fg-image-overlay\"><\/span><\/a><\/figure><div class=\"fg-loader\"><\/div><\/div><div class=\"fg-item fg-type-image fg-idle\"><figure class=\"fg-item-inner\"><a href=\"https:\/\/www.stonesandmore.at\/wp-content\/uploads\/2020\/03\/DSC_0341.jpg\" data-attachment-id=\"1668\" data-type=\"image\" class=\"fg-thumb\"><span class=\"fg-image-wrap\"><img decoding=\"async\" alt=\"Daffodil\" width=\"500\" height=\"333\" class=\"skip-lazy fg-image\" data-src-fg=\"https:\/\/www.stonesandmore.at\/wp-content\/uploads\/cache\/2020\/03\/DSC_0341\/3623115822.jpg\" src=\"data:image\/svg+xml,%3Csvg%20xmlns%3D%22http%3A%2F%2Fwww.w3.org%2F2000%2Fsvg%22%20width%3D%22500%22%20height%3D%22333%22%20viewBox%3D%220%200%20500%20333%22%3E%3C%2Fsvg%3E\" loading=\"eager\"><\/span><span class=\"fg-image-overlay\"><\/span><\/a><\/figure><div class=\"fg-loader\"><\/div><\/div><div class=\"fg-item fg-type-image fg-idle\"><figure class=\"fg-item-inner\"><a href=\"https:\/\/www.stonesandmore.at\/wp-content\/uploads\/2020\/03\/DSC_0305.jpg\" data-attachment-id=\"1669\" data-type=\"image\" class=\"fg-thumb\"><span class=\"fg-image-wrap\"><img decoding=\"async\" alt=\"Daffodil\" width=\"222\" height=\"333\" class=\"skip-lazy fg-image\" data-src-fg=\"https:\/\/www.stonesandmore.at\/wp-content\/uploads\/cache\/2020\/03\/DSC_0305\/1625724234.jpg\" src=\"data:image\/svg+xml,%3Csvg%20xmlns%3D%22http%3A%2F%2Fwww.w3.org%2F2000%2Fsvg%22%20width%3D%22222%22%20height%3D%22333%22%20viewBox%3D%220%200%20222%20333%22%3E%3C%2Fsvg%3E\" loading=\"eager\"><\/span><span class=\"fg-image-overlay\"><\/span><\/a><\/figure><div class=\"fg-loader\"><\/div><\/div><div class=\"fg-item fg-type-image fg-idle\"><figure class=\"fg-item-inner\"><a href=\"https:\/\/www.stonesandmore.at\/wp-content\/uploads\/2020\/03\/DSC_0303.jpg\" data-attachment-id=\"1670\" data-type=\"image\" class=\"fg-thumb\"><span class=\"fg-image-wrap\"><img decoding=\"async\" alt=\"Daffodil\" width=\"500\" height=\"333\" class=\"skip-lazy fg-image\" data-src-fg=\"https:\/\/www.stonesandmore.at\/wp-content\/uploads\/cache\/2020\/03\/DSC_0303\/353694899.jpg\" src=\"data:image\/svg+xml,%3Csvg%20xmlns%3D%22http%3A%2F%2Fwww.w3.org%2F2000%2Fsvg%22%20width%3D%22500%22%20height%3D%22333%22%20viewBox%3D%220%200%20500%20333%22%3E%3C%2Fsvg%3E\" loading=\"eager\"><\/span><span class=\"fg-image-overlay\"><\/span><\/a><\/figure><div class=\"fg-loader\"><\/div><\/div><div class=\"fg-item fg-type-image fg-idle\"><figure class=\"fg-item-inner\"><a href=\"https:\/\/www.stonesandmore.at\/wp-content\/uploads\/2020\/03\/DSC_0294.jpg\" data-attachment-id=\"1671\" data-type=\"image\" class=\"fg-thumb\"><span class=\"fg-image-wrap\"><img decoding=\"async\" alt=\"Daffodil\" width=\"222\" height=\"333\" class=\"skip-lazy fg-image\" data-src-fg=\"https:\/\/www.stonesandmore.at\/wp-content\/uploads\/cache\/2020\/03\/DSC_0294\/839169629.jpg\" src=\"data:image\/svg+xml,%3Csvg%20xmlns%3D%22http%3A%2F%2Fwww.w3.org%2F2000%2Fsvg%22%20width%3D%22222%22%20height%3D%22333%22%20viewBox%3D%220%200%20222%20333%22%3E%3C%2Fsvg%3E\" loading=\"eager\"><\/span><span class=\"fg-image-overlay\"><\/span><\/a><\/figure><div class=\"fg-loader\"><\/div><\/div><div class=\"fg-item fg-type-image fg-idle\"><figure class=\"fg-item-inner\"><a href=\"https:\/\/www.stonesandmore.at\/wp-content\/uploads\/2020\/03\/DSC_0287.jpg\" data-attachment-id=\"1672\" data-type=\"image\" class=\"fg-thumb\"><span class=\"fg-image-wrap\"><img decoding=\"async\" alt=\"Daffodil\" width=\"222\" height=\"333\" class=\"skip-lazy fg-image\" data-src-fg=\"https:\/\/www.stonesandmore.at\/wp-content\/uploads\/cache\/2020\/03\/DSC_0287\/405610059.jpg\" src=\"data:image\/svg+xml,%3Csvg%20xmlns%3D%22http%3A%2F%2Fwww.w3.org%2F2000%2Fsvg%22%20width%3D%22222%22%20height%3D%22333%22%20viewBox%3D%220%200%20222%20333%22%3E%3C%2Fsvg%3E\" loading=\"eager\"><\/span><span class=\"fg-image-overlay\"><\/span><\/a><\/figure><div class=\"fg-loader\"><\/div><\/div><div class=\"fg-item fg-type-image fg-idle\"><figure class=\"fg-item-inner\"><a href=\"https:\/\/www.stonesandmore.at\/wp-content\/uploads\/2020\/03\/DSC_0279.jpg\" data-attachment-id=\"1673\" data-type=\"image\" class=\"fg-thumb\"><span class=\"fg-image-wrap\"><img decoding=\"async\" alt=\"Daffodil\" width=\"500\" height=\"333\" class=\"skip-lazy fg-image\" data-src-fg=\"https:\/\/www.stonesandmore.at\/wp-content\/uploads\/cache\/2020\/03\/DSC_0279\/3165279546.jpg\" src=\"data:image\/svg+xml,%3Csvg%20xmlns%3D%22http%3A%2F%2Fwww.w3.org%2F2000%2Fsvg%22%20width%3D%22500%22%20height%3D%22333%22%20viewBox%3D%220%200%20500%20333%22%3E%3C%2Fsvg%3E\" loading=\"eager\"><\/span><span class=\"fg-image-overlay\"><\/span><\/a><\/figure><div class=\"fg-loader\"><\/div><\/div><div class=\"fg-item fg-type-image fg-idle\"><figure class=\"fg-item-inner\"><a href=\"https:\/\/www.stonesandmore.at\/wp-content\/uploads\/2020\/03\/DSC_0211.jpg\" data-attachment-id=\"1674\" data-type=\"image\" class=\"fg-thumb\"><span class=\"fg-image-wrap\"><img decoding=\"async\" alt=\"Daffodil\" width=\"222\" height=\"333\" class=\"skip-lazy fg-image\" data-src-fg=\"https:\/\/www.stonesandmore.at\/wp-content\/uploads\/cache\/2020\/03\/DSC_0211\/3458977978.jpg\" src=\"data:image\/svg+xml,%3Csvg%20xmlns%3D%22http%3A%2F%2Fwww.w3.org%2F2000%2Fsvg%22%20width%3D%22222%22%20height%3D%22333%22%20viewBox%3D%220%200%20222%20333%22%3E%3C%2Fsvg%3E\" loading=\"eager\"><\/span><span class=\"fg-image-overlay\"><\/span><\/a><\/figure><div class=\"fg-loader\"><\/div><\/div><div class=\"fg-item fg-type-image fg-idle\"><figure class=\"fg-item-inner\"><a href=\"https:\/\/www.stonesandmore.at\/wp-content\/uploads\/2020\/03\/DSC_0208.jpg\" data-attachment-id=\"1675\" data-type=\"image\" class=\"fg-thumb\"><span class=\"fg-image-wrap\"><img decoding=\"async\" alt=\"Daffodil\" width=\"500\" height=\"333\" class=\"skip-lazy fg-image\" data-src-fg=\"https:\/\/www.stonesandmore.at\/wp-content\/uploads\/cache\/2020\/03\/DSC_0208\/2829797696.jpg\" src=\"data:image\/svg+xml,%3Csvg%20xmlns%3D%22http%3A%2F%2Fwww.w3.org%2F2000%2Fsvg%22%20width%3D%22500%22%20height%3D%22333%22%20viewBox%3D%220%200%20500%20333%22%3E%3C%2Fsvg%3E\" loading=\"eager\"><\/span><span class=\"fg-image-overlay\"><\/span><\/a><\/figure><div class=\"fg-loader\"><\/div><\/div><div class=\"fg-item fg-type-image fg-idle\"><figure class=\"fg-item-inner\"><a href=\"https:\/\/www.stonesandmore.at\/wp-content\/uploads\/2020\/03\/DSC_0108.jpg\" data-attachment-id=\"1676\" data-type=\"image\" class=\"fg-thumb\"><span class=\"fg-image-wrap\"><img decoding=\"async\" alt=\"Daffodil\" width=\"500\" height=\"333\" class=\"skip-lazy fg-image\" data-src-fg=\"https:\/\/www.stonesandmore.at\/wp-content\/uploads\/cache\/2020\/03\/DSC_0108\/4030810613.jpg\" src=\"data:image\/svg+xml,%3Csvg%20xmlns%3D%22http%3A%2F%2Fwww.w3.org%2F2000%2Fsvg%22%20width%3D%22500%22%20height%3D%22333%22%20viewBox%3D%220%200%20500%20333%22%3E%3C%2Fsvg%3E\" loading=\"eager\"><\/span><span class=\"fg-image-overlay\"><\/span><\/a><\/figure><div class=\"fg-loader\"><\/div><\/div><div class=\"fg-item fg-type-image fg-idle\"><figure class=\"fg-item-inner\"><a href=\"https:\/\/www.stonesandmore.at\/wp-content\/uploads\/2020\/03\/DSC_0104.jpg\" data-attachment-id=\"1677\" data-type=\"image\" class=\"fg-thumb\"><span class=\"fg-image-wrap\"><img decoding=\"async\" alt=\"Daffodil\" width=\"500\" height=\"333\" class=\"skip-lazy fg-image\" data-src-fg=\"https:\/\/www.stonesandmore.at\/wp-content\/uploads\/cache\/2020\/03\/DSC_0104\/3378170408.jpg\" src=\"data:image\/svg+xml,%3Csvg%20xmlns%3D%22http%3A%2F%2Fwww.w3.org%2F2000%2Fsvg%22%20width%3D%22500%22%20height%3D%22333%22%20viewBox%3D%220%200%20500%20333%22%3E%3C%2Fsvg%3E\" loading=\"eager\"><\/span><span class=\"fg-image-overlay\"><\/span><\/a><\/figure><div class=\"fg-loader\"><\/div><\/div><div class=\"fg-item fg-type-image fg-idle\"><figure class=\"fg-item-inner\"><a href=\"https:\/\/www.stonesandmore.at\/wp-content\/uploads\/2020\/03\/DSC_0102.jpg\" data-attachment-id=\"1678\" data-type=\"image\" class=\"fg-thumb\"><span class=\"fg-image-wrap\"><img decoding=\"async\" alt=\"Daffodil\" width=\"222\" height=\"333\" class=\"skip-lazy fg-image\" data-src-fg=\"https:\/\/www.stonesandmore.at\/wp-content\/uploads\/cache\/2020\/03\/DSC_0102\/504208386.jpg\" src=\"data:image\/svg+xml,%3Csvg%20xmlns%3D%22http%3A%2F%2Fwww.w3.org%2F2000%2Fsvg%22%20width%3D%22222%22%20height%3D%22333%22%20viewBox%3D%220%200%20222%20333%22%3E%3C%2Fsvg%3E\" loading=\"eager\"><\/span><span class=\"fg-image-overlay\"><\/span><\/a><\/figure><div class=\"fg-loader\"><\/div><\/div><div class=\"fg-item fg-type-image fg-idle\"><figure class=\"fg-item-inner\"><a href=\"https:\/\/www.stonesandmore.at\/wp-content\/uploads\/2020\/03\/DSC_0096.jpg\" data-attachment-id=\"1679\" data-type=\"image\" class=\"fg-thumb\"><span class=\"fg-image-wrap\"><img decoding=\"async\" alt=\"Daffodil\" width=\"222\" height=\"333\" class=\"skip-lazy fg-image\" data-src-fg=\"https:\/\/www.stonesandmore.at\/wp-content\/uploads\/cache\/2020\/03\/DSC_0096\/3079854351.jpg\" src=\"data:image\/svg+xml,%3Csvg%20xmlns%3D%22http%3A%2F%2Fwww.w3.org%2F2000%2Fsvg%22%20width%3D%22222%22%20height%3D%22333%22%20viewBox%3D%220%200%20222%20333%22%3E%3C%2Fsvg%3E\" loading=\"eager\"><\/span><span class=\"fg-image-overlay\"><\/span><\/a><\/figure><div class=\"fg-loader\"><\/div><\/div><div class=\"fg-item fg-type-image fg-idle\"><figure class=\"fg-item-inner\"><a href=\"https:\/\/www.stonesandmore.at\/wp-content\/uploads\/2020\/03\/DSC_0093.jpg\" data-attachment-id=\"1680\" data-type=\"image\" class=\"fg-thumb\"><span class=\"fg-image-wrap\"><img decoding=\"async\" alt=\"Daffodil\" width=\"222\" height=\"333\" class=\"skip-lazy fg-image\" data-src-fg=\"https:\/\/www.stonesandmore.at\/wp-content\/uploads\/cache\/2020\/03\/DSC_0093\/4210433761.jpg\" src=\"data:image\/svg+xml,%3Csvg%20xmlns%3D%22http%3A%2F%2Fwww.w3.org%2F2000%2Fsvg%22%20width%3D%22222%22%20height%3D%22333%22%20viewBox%3D%220%200%20222%20333%22%3E%3C%2Fsvg%3E\" loading=\"eager\"><\/span><span class=\"fg-image-overlay\"><\/span><\/a><\/figure><div class=\"fg-loader\"><\/div><\/div><div class=\"fg-item fg-type-image fg-idle\"><figure class=\"fg-item-inner\"><a href=\"https:\/\/www.stonesandmore.at\/wp-content\/uploads\/2020\/03\/DSC_0084.jpg\" data-attachment-id=\"1681\" data-type=\"image\" class=\"fg-thumb\"><span class=\"fg-image-wrap\"><img decoding=\"async\" alt=\"Daffodil\" width=\"500\" height=\"333\" class=\"skip-lazy fg-image\" data-src-fg=\"https:\/\/www.stonesandmore.at\/wp-content\/uploads\/cache\/2020\/03\/DSC_0084\/2315031849.jpg\" src=\"data:image\/svg+xml,%3Csvg%20xmlns%3D%22http%3A%2F%2Fwww.w3.org%2F2000%2Fsvg%22%20width%3D%22500%22%20height%3D%22333%22%20viewBox%3D%220%200%20500%20333%22%3E%3C%2Fsvg%3E\" loading=\"eager\"><\/span><span class=\"fg-image-overlay\"><\/span><\/a><\/figure><div class=\"fg-loader\"><\/div><\/div><div class=\"fg-item fg-type-image fg-idle\"><figure class=\"fg-item-inner\"><a href=\"https:\/\/www.stonesandmore.at\/wp-content\/uploads\/2020\/03\/DSC_0065.jpg\" data-attachment-id=\"1682\" data-type=\"image\" class=\"fg-thumb\"><span class=\"fg-image-wrap\"><img decoding=\"async\" alt=\"Daffodil\" width=\"500\" height=\"333\" class=\"skip-lazy fg-image\" data-src-fg=\"https:\/\/www.stonesandmore.at\/wp-content\/uploads\/cache\/2020\/03\/DSC_0065\/1045034387.jpg\" src=\"data:image\/svg+xml,%3Csvg%20xmlns%3D%22http%3A%2F%2Fwww.w3.org%2F2000%2Fsvg%22%20width%3D%22500%22%20height%3D%22333%22%20viewBox%3D%220%200%20500%20333%22%3E%3C%2Fsvg%3E\" loading=\"eager\"><\/span><span class=\"fg-image-overlay\"><\/span><\/a><\/figure><div class=\"fg-loader\"><\/div><\/div><div class=\"fg-item fg-type-image fg-idle\"><figure class=\"fg-item-inner\"><a href=\"https:\/\/www.stonesandmore.at\/wp-content\/uploads\/2020\/03\/DSC_0047.jpg\" data-attachment-id=\"1683\" data-type=\"image\" class=\"fg-thumb\"><span class=\"fg-image-wrap\"><img decoding=\"async\" alt=\"Daffodil\" width=\"500\" height=\"333\" class=\"skip-lazy fg-image\" data-src-fg=\"https:\/\/www.stonesandmore.at\/wp-content\/uploads\/cache\/2020\/03\/DSC_0047\/1009667322.jpg\" src=\"data:image\/svg+xml,%3Csvg%20xmlns%3D%22http%3A%2F%2Fwww.w3.org%2F2000%2Fsvg%22%20width%3D%22500%22%20height%3D%22333%22%20viewBox%3D%220%200%20500%20333%22%3E%3C%2Fsvg%3E\" loading=\"eager\"><\/span><span class=\"fg-image-overlay\"><\/span><\/a><\/figure><div class=\"fg-loader\"><\/div><\/div><div class=\"fg-item fg-type-image fg-idle\"><figure class=\"fg-item-inner\"><a href=\"https:\/\/www.stonesandmore.at\/wp-content\/uploads\/2020\/03\/DSC_0037.jpg\" data-attachment-id=\"1684\" data-type=\"image\" class=\"fg-thumb\"><span class=\"fg-image-wrap\"><img decoding=\"async\" alt=\"Daffodil\" width=\"500\" height=\"333\" class=\"skip-lazy fg-image\" data-src-fg=\"https:\/\/www.stonesandmore.at\/wp-content\/uploads\/cache\/2020\/03\/DSC_0037\/2318517900.jpg\" src=\"data:image\/svg+xml,%3Csvg%20xmlns%3D%22http%3A%2F%2Fwww.w3.org%2F2000%2Fsvg%22%20width%3D%22500%22%20height%3D%22333%22%20viewBox%3D%220%200%20500%20333%22%3E%3C%2Fsvg%3E\" loading=\"eager\"><\/span><span class=\"fg-image-overlay\"><\/span><\/a><\/figure><div class=\"fg-loader\"><\/div><\/div><div class=\"fg-item fg-type-image fg-idle\"><figure class=\"fg-item-inner\"><a href=\"https:\/\/www.stonesandmore.at\/wp-content\/uploads\/2020\/03\/DSC_0013.jpg\" data-attachment-id=\"1685\" data-type=\"image\" class=\"fg-thumb\"><span class=\"fg-image-wrap\"><img decoding=\"async\" alt=\"Daffodil\" width=\"222\" height=\"333\" class=\"skip-lazy fg-image\" data-src-fg=\"https:\/\/www.stonesandmore.at\/wp-content\/uploads\/cache\/2020\/03\/DSC_0013\/1312388706.jpg\" src=\"data:image\/svg+xml,%3Csvg%20xmlns%3D%22http%3A%2F%2Fwww.w3.org%2F2000%2Fsvg%22%20width%3D%22222%22%20height%3D%22333%22%20viewBox%3D%220%200%20222%20333%22%3E%3C%2Fsvg%3E\" loading=\"eager\"><\/span><span class=\"fg-image-overlay\"><\/span><\/a><\/figure><div class=\"fg-loader\"><\/div><\/div>\t\t<\/div>\n\t\t<div class=\"fiv-ctrls\">\n\t\t\t<button type=\"button\" class=\"fiv-prev\" title=\"Zur\u00fcck\"><span>Zur\u00fcck<\/span><\/button>\n\t\t\t<label class=\"fiv-count\"><span class=\"fiv-count-current\">1<\/span>von<span class=\"fiv-count-total\">28<\/span><\/label>\n\t\t\t<button type=\"button\" class=\"fiv-next\" title=\"Vor\"><span>Vor<\/span><\/button>\n\t\t<\/div>\n\t<\/div>\n<\/div>\n<p>&nbsp;<\/p>\n","protected":false},"excerpt":{"rendered":"<p>Daffodil ist ein teils sehr lebhafter Stein mit dem gro\u00dfen Vorteil, dass er sich bei direkter Sonneneinstrahlung nahezu nicht erhitzt &#8211; ideal f\u00fcr Terassen, Wege und vieles mehr. Auch ist er mit nahezu jedem anderen unserer Steinarten kombinierbar. Es gibt ihn in zwei Farbt\u00f6nen: Daffodil Yellow und Daffodil white &#8211; [&hellip;]<\/p>\n","protected":false},"author":1,"featured_media":0,"parent":35,"menu_order":0,"comment_status":"closed","ping_status":"closed","template":"","meta":{"footnotes":""},"class_list":["post-1191","page","type-page","status-publish","hentry"],"_links":{"self":[{"href":"https:\/\/www.stonesandmore.at\/index.php?rest_route=\/wp\/v2\/pages\/1191","targetHints":{"allow":["GET"]}}],"collection":[{"href":"https:\/\/www.stonesandmore.at\/index.php?rest_route=\/wp\/v2\/pages"}],"about":[{"href":"https:\/\/www.stonesandmore.at\/index.php?rest_route=\/wp\/v2\/types\/page"}],"author":[{"embeddable":true,"href":"https:\/\/www.stonesandmore.at\/index.php?rest_route=\/wp\/v2\/users\/1"}],"replies":[{"embeddable":true,"href":"https:\/\/www.stonesandmore.at\/index.php?rest_route=%2Fwp%2Fv2%2Fcomments&post=1191"}],"version-history":[{"count":1,"href":"https:\/\/www.stonesandmore.at\/index.php?rest_route=\/wp\/v2\/pages\/1191\/revisions"}],"predecessor-version":[{"id":1837,"href":"https:\/\/www.stonesandmore.at\/index.php?rest_route=\/wp\/v2\/pages\/1191\/revisions\/1837"}],"up":[{"embeddable":true,"href":"https:\/\/www.stonesandmore.at\/index.php?rest_route=\/wp\/v2\/pages\/35"}],"wp:attachment":[{"href":"https:\/\/www.stonesandmore.at\/index.php?rest_route=%2Fwp%2Fv2%2Fmedia&parent=1191"}],"curies":[{"name":"wp","href":"https:\/\/api.w.org\/{rel}","templated":true}]}}